 
{"id":474,"date":"2024-01-25T09:59:15","date_gmt":"2024-01-25T02:59:15","guid":{"rendered":"http:\/\/localhost\/idaewon\/?page_id=474"},"modified":"2024-02-16T12:55:32","modified_gmt":"2024-02-16T05:55:32","slug":"quaker","status":"publish","type":"page","link":"https:\/\/idaewonvn.com.vn\/?page_id=474","title":{"rendered":"Quaker"},"content":{"rendered":"<p><\/p>\n<p><strong>QUAKERTINTM Process<\/strong><\/p>\n<div id='gallery-1' class='gallery galleryid-474 gallery-columns-2 gallery-size-full'><figure class='gallery-item'>\n\t\t\t<div class='gallery-icon landscape'>\n\t\t\t\t<img loading=\"lazy\" decoding=\"async\" width=\"486\" height=\"168\" src=\"https:\/\/idaewonvn.com.vn\/wp-content\/uploads\/2024\/01\/Picture8.jpg\" class=\"attachment-full size-full\" alt=\"\" srcset=\"https:\/\/idaewonvn.com.vn\/wp-content\/uploads\/2024\/01\/Picture8.jpg 486w, https:\/\/idaewonvn.com.vn\/wp-content\/uploads\/2024\/01\/Picture8-300x104.jpg 300w\" sizes=\"100vw\" \/>\n\t\t\t<\/div><\/figure><figure class='gallery-item'>\n\t\t\t<div class='gallery-icon landscape'>\n\t\t\t\t<img loading=\"lazy\" decoding=\"async\" width=\"492\" height=\"180\" src=\"https:\/\/idaewonvn.com.vn\/wp-content\/uploads\/2024\/01\/Picture9.png\" class=\"attachment-full size-full\" alt=\"\" srcset=\"https:\/\/idaewonvn.com.vn\/wp-content\/uploads\/2024\/01\/Picture9.png 492w, https:\/\/idaewonvn.com.vn\/wp-content\/uploads\/2024\/01\/Picture9-300x110.png 300w\" sizes=\"100vw\" \/>\n\t\t\t<\/div><\/figure>\n\t\t<\/div>\n\n<p>&nbsp;<\/p>\n<p>V\u1edbi l\u00fd do th\u00e2n thi\u1ec7n v\u1edbi m\u00f4i tr\u01b0\u1eddng h\u01a1n v\u00e0 t\u00ednh kinh t\u1ebf t\u1ed1t h\u01a1n so v\u1edbi PSA ban \u0111\u1ea7u, nhi\u1ec1u thi\u1ebft b\u1ecb m\u1ea1 thi\u1ebfc \u0111ang chuy\u1ec3n t\u1eeb PSA sang MSA<\/p>\n<p>Quy tr\u00ecnh QUAKERTIN c\u1ee7a c\u00f4ng ty Quaker c\u0169ng c\u00f3 trong MSA Tin Plating n\u00e0y cho ph\u00e9p t\u1ed1i thi\u1ec3u h\u00f3a chi ph\u00ed s\u1ea3n xu\u1ea5t v\u1edbi hi\u1ec7u su\u1ea5t v\u01b0\u1ee3t tr\u1ed9i so v\u1edbi c\u00e1c s\u1ea3n ph\u1ea9m c\u1ee7a c\u00f4ng ty kh\u00e1c v\u00e0 chi\u1ebfm l\u0129nh c\u00e1c doanh nghi\u1ec7p ch\u1ee7 y\u1ebfu tr\u00ean th\u1ebf gi\u1edbi.<\/p>\n<p><\/p>","protected":false},"excerpt":{"rendered":"<p>QUAKERTINTM Process &nbsp; V\u1edbi l\u00fd do th\u00e2n thi\u1ec7n v\u1edbi m\u00f4i tr\u01b0\u1eddng h\u01a1n v\u00e0 t\u00ednh kinh t\u1ebf t\u1ed1t h\u01a1n so v\u1edbi &#8230;<\/p>\n","protected":false},"author":1,"featured_media":0,"parent":0,"menu_order":0,"comment_status":"closed","ping_status":"closed","template":"template\/page-product-Houghton.php","meta":{"footnotes":""},"yoast_head":"<!-- This site is optimized with the Yoast SEO plugin v22.2 - https:\/\/yoast.com\/wordpress\/plugins\/seo\/ -->\n<title>Quaker - DAEWON INNOVATION VIETNAM Co., Ltd<\/title>\n<meta name=\"robots\" content=\"index, follow, max-snippet:-1, max-image-preview:large, max-video-preview:-1\" \/>\n<link rel=\"canonical\" href=\"https:\/\/idaewonvn.com.vn\/?page_id=474\" \/>\n<meta property=\"og:locale\" content=\"vi_VN\" \/>\n<meta property=\"og:type\" content=\"article\" \/>\n<meta property=\"og:title\" content=\"[:vi]Quaker[:kr]Quaker[:] - DAEWON INNOVATION VIETNAM Co., Ltd\" \/>\n<meta property=\"og:description\" content=\"QUAKERTINTM Process &nbsp; V\u1edbi l\u00fd do th\u00e2n thi\u1ec7n v\u1edbi m\u00f4i tr\u01b0\u1eddng h\u01a1n v\u00e0 t\u00ednh kinh t\u1ebf t\u1ed1t h\u01a1n so v\u1edbi ...\" \/>\n<meta property=\"og:url\" content=\"https:\/\/idaewonvn.com.vn\/?page_id=474\" \/>\n<meta property=\"og:site_name\" content=\"DAEWON INNOVATION VIETNAM Co., Ltd\" \/>\n<meta property=\"article:modified_time\" content=\"2024-02-16T05:55:32+00:00\" \/>\n<meta property=\"og:image\" content=\"https:\/\/idaewonvn.com.vn\/wp-content\/uploads\/2024\/01\/Picture8.jpg\" \/>\n<meta name=\"twitter:card\" content=\"summary_large_image\" \/>\n<meta name=\"twitter:label1\" content=\"\u01af\u1edbc t\u00ednh th\u1eddi gian \u0111\u1ecdc\" \/>\n\t<meta name=\"twitter:data1\" content=\"1 ph\u00fat\" \/>\n<script type=\"application\/ld+json\" class=\"yoast-schema-graph\">{\"@context\":\"https:\/\/schema.org\",\"@graph\":[{\"@type\":\"WebPage\",\"@id\":\"https:\/\/idaewonvn.com.vn\/?page_id=474\",\"url\":\"https:\/\/idaewonvn.com.vn\/?page_id=474\",\"name\":\"[:vi]Quaker[:kr]Quaker[:] - DAEWON INNOVATION VIETNAM Co., Ltd\",\"isPartOf\":{\"@id\":\"https:\/\/idaewonvn.com.vn\/#website\"},\"datePublished\":\"2024-01-25T02:59:15+00:00\",\"dateModified\":\"2024-02-16T05:55:32+00:00\",\"breadcrumb\":{\"@id\":\"https:\/\/idaewonvn.com.vn\/?page_id=474#breadcrumb\"},\"inLanguage\":\"vi\",\"potentialAction\":[{\"@type\":\"ReadAction\",\"target\":[\"https:\/\/idaewonvn.com.vn\/?page_id=474\"]}]},{\"@type\":\"BreadcrumbList\",\"@id\":\"https:\/\/idaewonvn.com.vn\/?page_id=474#breadcrumb\",\"itemListElement\":[{\"@type\":\"ListItem\",\"position\":1,\"name\":\"Trang ch\u1ee7\",\"item\":\"https:\/\/idaewonvn.com.vn\/\"},{\"@type\":\"ListItem\",\"position\":2,\"name\":\"Quaker\"}]},{\"@type\":\"WebSite\",\"@id\":\"https:\/\/idaewonvn.com.vn\/#website\",\"url\":\"https:\/\/idaewonvn.com.vn\/\",\"name\":\"DAEWON INNOVATION VIETNAM Co., Ltd\",\"description\":\"\",\"publisher\":{\"@id\":\"https:\/\/idaewonvn.com.vn\/#organization\"},\"potentialAction\":[{\"@type\":\"SearchAction\",\"target\":{\"@type\":\"EntryPoint\",\"urlTemplate\":\"https:\/\/idaewonvn.com.vn\/?s={search_term_string}\"},\"query-input\":\"required name=search_term_string\"}],\"inLanguage\":\"vi\"},{\"@type\":\"Organization\",\"@id\":\"https:\/\/idaewonvn.com.vn\/#organization\",\"name\":\"DAEWON INNOVATION VIETNAM Co., Ltd\",\"url\":\"https:\/\/idaewonvn.com.vn\/\",\"logo\":{\"@type\":\"ImageObject\",\"inLanguage\":\"vi\",\"@id\":\"https:\/\/idaewonvn.com.vn\/#\/schema\/logo\/image\/\",\"url\":\"https:\/\/idaewonvn.com.vn\/wp-content\/uploads\/2024\/02\/logo-DAEWON-INNOVATION-VN.png\",\"contentUrl\":\"https:\/\/idaewonvn.com.vn\/wp-content\/uploads\/2024\/02\/logo-DAEWON-INNOVATION-VN.png\",\"width\":1441,\"height\":310,\"caption\":\"DAEWON INNOVATION VIETNAM Co., Ltd\"},\"image\":{\"@id\":\"https:\/\/idaewonvn.com.vn\/#\/schema\/logo\/image\/\"}}]}<\/script>\n<!-- \/ Yoast SEO plugin. -->","yoast_head_json":{"title":"[:vi]Quaker[:kr]Quaker[:] - DAEWON INNOVATION VIETNAM Co., Ltd","robots":{"index":"index","follow":"follow","max-snippet":"max-snippet:-1","max-image-preview":"max-image-preview:large","max-video-preview":"max-video-preview:-1"},"canonical":"https:\/\/idaewonvn.com.vn\/?page_id=474","og_locale":"vi_VN","og_type":"article","og_title":"[:vi]Quaker[:kr]Quaker[:] - DAEWON INNOVATION VIETNAM Co., Ltd","og_description":"QUAKERTINTM Process &nbsp; V\u1edbi l\u00fd do th\u00e2n thi\u1ec7n v\u1edbi m\u00f4i tr\u01b0\u1eddng h\u01a1n v\u00e0 t\u00ednh kinh t\u1ebf t\u1ed1t h\u01a1n so v\u1edbi ...","og_url":"https:\/\/idaewonvn.com.vn\/?page_id=474","og_site_name":"DAEWON INNOVATION VIETNAM Co., Ltd","article_modified_time":"2024-02-16T05:55:32+00:00","og_image":[{"url":"https:\/\/idaewonvn.com.vn\/wp-content\/uploads\/2024\/01\/Picture8.jpg"}],"twitter_card":"summary_large_image","twitter_misc":{"\u01af\u1edbc t\u00ednh th\u1eddi gian \u0111\u1ecdc":"1 ph\u00fat"},"schema":{"@context":"https:\/\/schema.org","@graph":[{"@type":"WebPage","@id":"https:\/\/idaewonvn.com.vn\/?page_id=474","url":"https:\/\/idaewonvn.com.vn\/?page_id=474","name":"[:vi]Quaker[:kr]Quaker[:] - DAEWON INNOVATION VIETNAM Co., Ltd","isPartOf":{"@id":"https:\/\/idaewonvn.com.vn\/#website"},"datePublished":"2024-01-25T02:59:15+00:00","dateModified":"2024-02-16T05:55:32+00:00","breadcrumb":{"@id":"https:\/\/idaewonvn.com.vn\/?page_id=474#breadcrumb"},"inLanguage":"vi","potentialAction":[{"@type":"ReadAction","target":["https:\/\/idaewonvn.com.vn\/?page_id=474"]}]},{"@type":"BreadcrumbList","@id":"https:\/\/idaewonvn.com.vn\/?page_id=474#breadcrumb","itemListElement":[{"@type":"ListItem","position":1,"name":"Trang ch\u1ee7","item":"https:\/\/idaewonvn.com.vn\/"},{"@type":"ListItem","position":2,"name":"Quaker"}]},{"@type":"WebSite","@id":"https:\/\/idaewonvn.com.vn\/#website","url":"https:\/\/idaewonvn.com.vn\/","name":"DAEWON INNOVATION VIETNAM Co., Ltd","description":"","publisher":{"@id":"https:\/\/idaewonvn.com.vn\/#organization"},"potentialAction":[{"@type":"SearchAction","target":{"@type":"EntryPoint","urlTemplate":"https:\/\/idaewonvn.com.vn\/?s={search_term_string}"},"query-input":"required name=search_term_string"}],"inLanguage":"vi"},{"@type":"Organization","@id":"https:\/\/idaewonvn.com.vn\/#organization","name":"DAEWON INNOVATION VIETNAM Co., Ltd","url":"https:\/\/idaewonvn.com.vn\/","logo":{"@type":"ImageObject","inLanguage":"vi","@id":"https:\/\/idaewonvn.com.vn\/#\/schema\/logo\/image\/","url":"https:\/\/idaewonvn.com.vn\/wp-content\/uploads\/2024\/02\/logo-DAEWON-INNOVATION-VN.png","contentUrl":"https:\/\/idaewonvn.com.vn\/wp-content\/uploads\/2024\/02\/logo-DAEWON-INNOVATION-VN.png","width":1441,"height":310,"caption":"DAEWON INNOVATION VIETNAM Co., Ltd"},"image":{"@id":"https:\/\/idaewonvn.com.vn\/#\/schema\/logo\/image\/"}}]}},"_links":{"self":[{"href":"https:\/\/idaewonvn.com.vn\/index.php?rest_route=\/wp\/v2\/pages\/474"}],"collection":[{"href":"https:\/\/idaewonvn.com.vn\/index.php?rest_route=\/wp\/v2\/pages"}],"about":[{"href":"https:\/\/idaewonvn.com.vn\/index.php?rest_route=\/wp\/v2\/types\/page"}],"author":[{"embeddable":true,"href":"https:\/\/idaewonvn.com.vn\/index.php?rest_route=\/wp\/v2\/users\/1"}],"replies":[{"embeddable":true,"href":"https:\/\/idaewonvn.com.vn\/index.php?rest_route=%2Fwp%2Fv2%2Fcomments&post=474"}],"version-history":[{"count":4,"href":"https:\/\/idaewonvn.com.vn\/index.php?rest_route=\/wp\/v2\/pages\/474\/revisions"}],"predecessor-version":[{"id":689,"href":"https:\/\/idaewonvn.com.vn\/index.php?rest_route=\/wp\/v2\/pages\/474\/revisions\/689"}],"wp:attachment":[{"href":"https:\/\/idaewonvn.com.vn\/index.php?rest_route=%2Fwp%2Fv2%2Fmedia&parent=474"}],"curies":[{"name":"wp","href":"https:\/\/api.w.org\/{rel}","templated":true}]}}